{"id":61,"date":"2021-09-27T08:23:02","date_gmt":"2021-09-27T08:23:02","guid":{"rendered":"https:\/\/www.feelheal.fi\/?page_id=61"},"modified":"2026-01-25T12:56:09","modified_gmt":"2026-01-25T12:56:09","slug":"yhteystiedot","status":"publish","type":"page","link":"https:\/\/www.feelheal.fi\/?page_id=61","title":{"rendered":"Hinnasto ja ajanvaraus"},"content":{"rendered":"\n<h3 class=\"wp-block-heading\">Hoidot ja hinnasto<\/h3>\n\n\n\n<p><strong>Koko kehon vy\u00f6hyketerapia <\/strong>(90 min)<strong> 75 \u20ac<\/strong><\/p>\n\n\n\n<p><strong>Kuumakivihieronta<\/strong> (60 min) <strong>70 \u20ac<\/strong><\/p>\n\n\n\n<p><strong>Intialainen p\u00e4\u00e4hieronta<\/strong> (45 min) <strong>45 \u20ac<\/strong><\/p>\n\n\n\n<p><strong>Kuumakivihieronnan ja intialaisen p\u00e4\u00e4hieronnan yhdistelm\u00e4hoito<\/strong> (80 min) <strong>85 \u20ac<\/strong><br>Hemmotteluhoito keholle ja mielelle. Kuumakivihieronnan lis\u00e4ksi hierotaan p\u00e4\u00e4n alue.<\/p>\n\n\n\n<p><strong>Kuumakivihieronnan ja vy\u00f6hyketerapian yhdistelm\u00e4hoito<\/strong> (90 min) <strong>90 \u20ac<\/strong><br>Hemmotteluhoito keholle ja mielelle. Kuumakivihieronnan lis\u00e4ksi hierotaan ja painellaan jalkaterien ja p\u00e4\u00e4n alue.<\/p>\n\n\n\n<p><strong>Kvanttihypnoosi<\/strong> (2,5h) <strong>60 \u20ac<\/strong> (harjoitushoitoina)<\/p>\n\n\n\n<p><em>Pid\u00e4t\u00e4n oikeudet muutoksiin.<\/em><\/p>\n\n\n\n<p>Maksutapoina k\u00e4yv\u00e4t my\u00f6s hyvinvointietuudet Smartum, Epassi ja Edenred. Hyvinvointietuuksilla maksettaessa palvelun hintaan lis\u00e4t\u00e4\u00e4n 3,90 \u20ac:n k\u00e4ytt\u00f6kulu\/ palvelumaksu.&nbsp;<\/p>\n\n\n\n<figure class=\"wp-block-image size-large is-resized\"><img loading=\"lazy\" decoding=\"async\" width=\"1024\" height=\"370\" src=\"https:\/\/www.feelheal.fi\/wp-content\/uploads\/2025\/04\/smartum_part_epassi_W-1-1024x370.png\" alt=\"\" class=\"wp-image-395\" style=\"width:158px;height:auto\" srcset=\"https:\/\/www.feelheal.fi\/wp-content\/uploads\/2025\/04\/smartum_part_epassi_W-1-1024x370.png 1024w, https:\/\/www.feelheal.fi\/wp-content\/uploads\/2025\/04\/smartum_part_epassi_W-1-300x108.png 300w, https:\/\/www.feelheal.fi\/wp-content\/uploads\/2025\/04\/smartum_part_epassi_W-1-768x278.png 768w, https:\/\/www.feelheal.fi\/wp-content\/uploads\/2025\/04\/smartum_part_epassi_W-1-1536x555.png 1536w, https:\/\/www.feelheal.fi\/wp-content\/uploads\/2025\/04\/smartum_part_epassi_W-1-2048x740.png 2048w\" sizes=\"(max-width: 1024px) 100vw, 1024px\" \/><\/figure>\n\n\n\n<figure class=\"wp-block-image size-full is-resized\"><img loading=\"lazy\" decoding=\"async\" width=\"608\" height=\"190\" src=\"https:\/\/www.feelheal.fi\/wp-content\/uploads\/2025\/04\/Epassi_logo_color.png\" alt=\"\" class=\"wp-image-392\" style=\"width:104px;height:auto\" srcset=\"https:\/\/www.feelheal.fi\/wp-content\/uploads\/2025\/04\/Epassi_logo_color.png 608w, https:\/\/www.feelheal.fi\/wp-content\/uploads\/2025\/04\/Epassi_logo_color-300x94.png 300w\" sizes=\"(max-width: 608px) 100vw, 608px\" \/><\/figure>\n\n\n\n<figure class=\"wp-block-image size-large is-resized\"><img loading=\"lazy\" decoding=\"async\" width=\"1024\" height=\"657\" src=\"https:\/\/www.feelheal.fi\/wp-content\/uploads\/2022\/12\/Edenred_Digital-use-1024x657.png\" alt=\"\" class=\"wp-image-319\" style=\"width:104px;height:auto\" srcset=\"https:\/\/www.feelheal.fi\/wp-content\/uploads\/2022\/12\/Edenred_Digital-use-1024x657.png 1024w, https:\/\/www.feelheal.fi\/wp-content\/uploads\/2022\/12\/Edenred_Digital-use-300x192.png 300w, https:\/\/www.feelheal.fi\/wp-content\/uploads\/2022\/12\/Edenred_Digital-use-768x493.png 768w, https:\/\/www.feelheal.fi\/wp-content\/uploads\/2022\/12\/Edenred_Digital-use.png 1239w\" sizes=\"(max-width: 1024px) 100vw, 1024px\" \/><\/figure>\n\n\n\n<div style=\"height:23px\" aria-hidden=\"true\" class=\"wp-block-spacer\"><\/div>\n\n\n\n<h3 class=\"wp-block-heading\">Ajanvaraus<\/h3>\n\n\n\n<p>T\u00e4ll\u00e4 hetkell\u00e4 pid\u00e4n taukoa hoitojen tekemisest\u00e4.<br><br>Teen my\u00f6s sovitusti koti-\/ty\u00f6paikkak\u00e4yntej\u00e4, joihin lis\u00e4t\u00e4\u00e4n matkakulut.<\/p>\n\n\n\n<div style=\"height:18px\" aria-hidden=\"true\" class=\"wp-block-spacer\"><\/div>\n\n\n\n<h3 class=\"wp-block-heading\">Yhteystiedot<\/h3>\n\n\n\n<p>Feel &amp; Heal<br>s\u00e4hk\u00f6posti: <a href=\"mailto:susanna.nikkanen@feelheal.fi\">susanna.nikkanen@feelheal.fi<\/a> <br>puhelin: 050 575 0076 (tavoitat parhaiten viestill\u00e4)<\/p>\n\n\n\n<p>Y-Tunnus 1798724-3<\/p>\n\n\n\n<p><strong>Voit ottaa yhteytt\u00e4 my\u00f6s allaolevalla lomakkeella.<\/strong><\/p>\n\n\n\n<div style=\"height:18px\" aria-hidden=\"true\" class=\"wp-block-spacer\"><\/div>\n\n\n\n<h3 class=\"wp-block-heading\">Yhteydenottolomake<\/h3>\n\n\n<div class=\"wpforms-container wpforms-container-full\" id=\"wpforms-267\"><form id=\"wpforms-form-267\" class=\"wpforms-validate wpforms-form wpforms-ajax-form\" data-formid=\"267\" method=\"post\" enctype=\"multipart\/form-data\" action=\"\/index.php?rest_route=%2Fwp%2Fv2%2Fpages%2F61\" data-token=\"ac2b7cae126af2fe234352ff086df52f\"><noscript class=\"wpforms-error-noscript\">Please enable JavaScript in your browser to complete this form.<\/noscript><div class=\"wpforms-field-container\"><div id=\"wpforms-267-field_0-container\" class=\"wpforms-field wpforms-field-name\" data-field-id=\"0\"><label class=\"wpforms-field-label\" for=\"wpforms-267-field_0\">Nimi <span class=\"wpforms-required-label\">*<\/span><\/label><div class=\"wpforms-field-row wpforms-field-medium\"><div class=\"wpforms-field-row-block wpforms-first wpforms-one-half\"><input type=\"text\" id=\"wpforms-267-field_0\" class=\"wpforms-field-name-first wpforms-field-required\" name=\"wpforms[fields][0][first]\" required><label for=\"wpforms-267-field_0\" class=\"wpforms-field-sublabel after \">First<\/label><\/div><div class=\"wpforms-field-row-block wpforms-one-half\"><input type=\"text\" id=\"wpforms-267-field_0-last\" class=\"wpforms-field-name-last wpforms-field-required\" name=\"wpforms[fields][0][last]\" required><label for=\"wpforms-267-field_0-last\" class=\"wpforms-field-sublabel after \">Last<\/label><\/div><\/div><\/div><div id=\"wpforms-267-field_1-container\" class=\"wpforms-field wpforms-field-email\" data-field-id=\"1\"><label class=\"wpforms-field-label\" for=\"wpforms-267-field_1\">Email <span class=\"wpforms-required-label\">*<\/span><\/label><input type=\"email\" id=\"wpforms-267-field_1\" class=\"wpforms-field-medium wpforms-field-required\" name=\"wpforms[fields][1]\" required><\/div><div id=\"wpforms-267-field_2-container\" class=\"wpforms-field wpforms-field-textarea\" data-field-id=\"2\"><label class=\"wpforms-field-label\" for=\"wpforms-267-field_2\">Viesti <span class=\"wpforms-required-label\">*<\/span><\/label><textarea id=\"wpforms-267-field_2\" class=\"wpforms-field-medium wpforms-field-required\" name=\"wpforms[fields][2]\" required><\/textarea><\/div><\/div><div class=\"wpforms-submit-container\"><input type=\"hidden\" name=\"wpforms[id]\" value=\"267\"><input type=\"hidden\" name=\"wpforms[author]\" value=\"1\"><button type=\"submit\" name=\"wpforms[submit]\" id=\"wpforms-submit-267\" class=\"wpforms-submit\" data-alt-text=\"L\u00e4hett\u00e4\u00e4...\" data-submit-text=\"L\u00e4het\u00e4\" aria-live=\"assertive\" value=\"wpforms-submit\">L\u00e4het\u00e4<\/button><img loading=\"lazy\" decoding=\"async\" src=\"https:\/\/www.feelheal.fi\/wp-content\/plugins\/wpforms-lite\/assets\/images\/submit-spin.svg\" class=\"wpforms-submit-spinner\" style=\"display: none;\" width=\"26\" height=\"26\" alt=\"Loading\"><\/div><\/form><\/div>  <!-- .wpforms-container -->\n\n\n<div class=\"wp-block-media-text alignwide is-stacked-on-mobile\"><figure class=\"wp-block-media-text__media\"><\/figure><div class=\"wp-block-media-text__content\">\n<p><\/p>\n<\/div><\/div>\n\n\n\n<div class=\"wp-block-media-text alignwide is-stacked-on-mobile\"><figure class=\"wp-block-media-text__media\"><\/figure><div class=\"wp-block-media-text__content\">\n<p><\/p>\n<\/div><\/div>\n\n\n\n<div class=\"wp-block-media-text alignwide is-stacked-on-mobile\"><figure class=\"wp-block-media-text__media\"><\/figure><div class=\"wp-block-media-text__content\">\n<p><\/p>\n<\/div><\/div>\n\n\n\n<div class=\"wp-block-media-text alignwide is-stacked-on-mobile\"><figure class=\"wp-block-media-text__media\"><\/figure><div class=\"wp-block-media-text__content\">\n<p><\/p>\n<\/div><\/div>\n\n\n\n<div class=\"wp-block-media-text alignwide is-stacked-on-mobile\"><figure class=\"wp-block-media-text__media\"><\/figure><div class=\"wp-block-media-text__content\">\n<p><\/p>\n<\/div><\/div>\n\n\n\n\n\n\n\n\n\n\n\n\n\n\n\n\n\n\n","protected":false},"excerpt":{"rendered":"<p>Hoidot ja hinnasto Koko kehon vy\u00f6hyketerapia (90 min) 75 \u20ac Kuumakivihieronta (60 min) 70 \u20ac Intialainen p\u00e4\u00e4hieronta (45 min) 45 \u20ac Kuumakivihieronnan ja intialaisen p\u00e4\u00e4hieronnan yhdistelm\u00e4hoito (80 min) 85 \u20acHemmotteluhoito keholle ja mielelle. Kuumakivihieronnan lis\u00e4ksi hierotaan p\u00e4\u00e4n alue. Kuumakivihieronnan ja vy\u00f6hyketerapian yhdistelm\u00e4hoito (90 min) 90 \u20acHemmotteluhoito keholle ja mielelle. Kuumakivihieronnan [&hellip;]<\/p>\n","protected":false},"author":1,"featured_media":182,"parent":0,"menu_order":0,"comment_status":"closed","ping_status":"closed","template":"page-templates\/template-fullwidth.php","meta":{"footnotes":""},"yoast_head":"<!-- This site is optimized with the Yoast SEO plugin v19.13 - https:\/\/yoast.com\/wordpress\/plugins\/seo\/ -->\n<title>Hinnasto ja ajanvaraus - Feel &amp; Heal<\/title>\n<meta name=\"description\" content=\"Palveluiden hinnasto, ajanvaraus sek\u00e4 yhteystiedot.\" \/>\n<meta name=\"robots\" content=\"index, follow, max-snippet:-1, max-image-preview:large, max-video-preview:-1\" \/>\n<link rel=\"canonical\" href=\"https:\/\/www.feelheal.fi\/?page_id=61\" \/>\n<meta property=\"og:locale\" content=\"fi_FI\" \/>\n<meta property=\"og:type\" content=\"article\" \/>\n<meta property=\"og:title\" content=\"Hinnasto ja ajanvaraus - Feel &amp; Heal\" \/>\n<meta property=\"og:description\" content=\"Palveluiden hinnasto, ajanvaraus sek\u00e4 yhteystiedot.\" \/>\n<meta property=\"og:url\" content=\"https:\/\/www.feelheal.fi\/?page_id=61\" \/>\n<meta property=\"og:site_name\" content=\"Feel &amp; Heal\" \/>\n<meta property=\"article:publisher\" content=\"https:\/\/www.facebook.com\/profile.php?id=100088479075324\" \/>\n<meta property=\"article:modified_time\" content=\"2026-01-25T12:56:09+00:00\" \/>\n<meta property=\"og:image\" content=\"https:\/\/www.feelheal.fi\/wp-content\/uploads\/2022\/08\/suski_matala.jpg\" \/>\n\t<meta property=\"og:image:width\" content=\"2500\" \/>\n\t<meta property=\"og:image:height\" content=\"1021\" \/>\n\t<meta property=\"og:image:type\" content=\"image\/jpeg\" \/>\n<meta name=\"twitter:card\" content=\"summary_large_image\" \/>\n<meta name=\"twitter:label1\" content=\"Arvioitu lukuaika\" \/>\n\t<meta name=\"twitter:data1\" content=\"3 minuuttia\" \/>\n<script type=\"application\/ld+json\" class=\"yoast-schema-graph\">{\"@context\":\"https:\/\/schema.org\",\"@graph\":[{\"@type\":\"WebPage\",\"@id\":\"https:\/\/www.feelheal.fi\/?page_id=61\",\"url\":\"https:\/\/www.feelheal.fi\/?page_id=61\",\"name\":\"Hinnasto ja ajanvaraus - Feel &amp; Heal\",\"isPartOf\":{\"@id\":\"https:\/\/www.feelheal.fi\/#website\"},\"datePublished\":\"2021-09-27T08:23:02+00:00\",\"dateModified\":\"2026-01-25T12:56:09+00:00\",\"description\":\"Palveluiden hinnasto, ajanvaraus sek\u00e4 yhteystiedot.\",\"breadcrumb\":{\"@id\":\"https:\/\/www.feelheal.fi\/?page_id=61#breadcrumb\"},\"inLanguage\":\"fi\",\"potentialAction\":[{\"@type\":\"ReadAction\",\"target\":[\"https:\/\/www.feelheal.fi\/?page_id=61\"]}]},{\"@type\":\"BreadcrumbList\",\"@id\":\"https:\/\/www.feelheal.fi\/?page_id=61#breadcrumb\",\"itemListElement\":[{\"@type\":\"ListItem\",\"position\":1,\"name\":\"Etusivu\",\"item\":\"https:\/\/www.feelheal.fi\/\"},{\"@type\":\"ListItem\",\"position\":2,\"name\":\"Hinnasto ja ajanvaraus\"}]},{\"@type\":\"WebSite\",\"@id\":\"https:\/\/www.feelheal.fi\/#website\",\"url\":\"https:\/\/www.feelheal.fi\/\",\"name\":\"Feel &amp; Heal\",\"description\":\"\",\"publisher\":{\"@id\":\"https:\/\/www.feelheal.fi\/#organization\"},\"potentialAction\":[{\"@type\":\"SearchAction\",\"target\":{\"@type\":\"EntryPoint\",\"urlTemplate\":\"https:\/\/www.feelheal.fi\/?s={search_term_string}\"},\"query-input\":\"required name=search_term_string\"}],\"inLanguage\":\"fi\"},{\"@type\":\"Organization\",\"@id\":\"https:\/\/www.feelheal.fi\/#organization\",\"name\":\"Feel &amp; Heal\",\"url\":\"https:\/\/www.feelheal.fi\/\",\"logo\":{\"@type\":\"ImageObject\",\"inLanguage\":\"fi\",\"@id\":\"https:\/\/www.feelheal.fi\/#\/schema\/logo\/image\/\",\"url\":\"https:\/\/www.feelheal.fi\/wp-content\/uploads\/2022\/07\/cropped-cropped-feel_heal_logo-e1659092666334.jpg\",\"contentUrl\":\"https:\/\/www.feelheal.fi\/wp-content\/uploads\/2022\/07\/cropped-cropped-feel_heal_logo-e1659092666334.jpg\",\"width\":500,\"height\":552,\"caption\":\"Feel &amp; Heal\"},\"image\":{\"@id\":\"https:\/\/www.feelheal.fi\/#\/schema\/logo\/image\/\"},\"sameAs\":[\"https:\/\/www.facebook.com\/profile.php?id=100088479075324\"]}]}<\/script>\n<!-- \/ Yoast SEO plugin. -->","yoast_head_json":{"title":"Hinnasto ja ajanvaraus - Feel &amp; Heal","description":"Palveluiden hinnasto, ajanvaraus sek\u00e4 yhteystiedot.","robots":{"index":"index","follow":"follow","max-snippet":"max-snippet:-1","max-image-preview":"max-image-preview:large","max-video-preview":"max-video-preview:-1"},"canonical":"https:\/\/www.feelheal.fi\/?page_id=61","og_locale":"fi_FI","og_type":"article","og_title":"Hinnasto ja ajanvaraus - Feel &amp; Heal","og_description":"Palveluiden hinnasto, ajanvaraus sek\u00e4 yhteystiedot.","og_url":"https:\/\/www.feelheal.fi\/?page_id=61","og_site_name":"Feel &amp; Heal","article_publisher":"https:\/\/www.facebook.com\/profile.php?id=100088479075324","article_modified_time":"2026-01-25T12:56:09+00:00","og_image":[{"width":2500,"height":1021,"url":"https:\/\/www.feelheal.fi\/wp-content\/uploads\/2022\/08\/suski_matala.jpg","type":"image\/jpeg"}],"twitter_card":"summary_large_image","twitter_misc":{"Arvioitu lukuaika":"3 minuuttia"},"schema":{"@context":"https:\/\/schema.org","@graph":[{"@type":"WebPage","@id":"https:\/\/www.feelheal.fi\/?page_id=61","url":"https:\/\/www.feelheal.fi\/?page_id=61","name":"Hinnasto ja ajanvaraus - Feel &amp; Heal","isPartOf":{"@id":"https:\/\/www.feelheal.fi\/#website"},"datePublished":"2021-09-27T08:23:02+00:00","dateModified":"2026-01-25T12:56:09+00:00","description":"Palveluiden hinnasto, ajanvaraus sek\u00e4 yhteystiedot.","breadcrumb":{"@id":"https:\/\/www.feelheal.fi\/?page_id=61#breadcrumb"},"inLanguage":"fi","potentialAction":[{"@type":"ReadAction","target":["https:\/\/www.feelheal.fi\/?page_id=61"]}]},{"@type":"BreadcrumbList","@id":"https:\/\/www.feelheal.fi\/?page_id=61#breadcrumb","itemListElement":[{"@type":"ListItem","position":1,"name":"Etusivu","item":"https:\/\/www.feelheal.fi\/"},{"@type":"ListItem","position":2,"name":"Hinnasto ja ajanvaraus"}]},{"@type":"WebSite","@id":"https:\/\/www.feelheal.fi\/#website","url":"https:\/\/www.feelheal.fi\/","name":"Feel &amp; Heal","description":"","publisher":{"@id":"https:\/\/www.feelheal.fi\/#organization"},"potentialAction":[{"@type":"SearchAction","target":{"@type":"EntryPoint","urlTemplate":"https:\/\/www.feelheal.fi\/?s={search_term_string}"},"query-input":"required name=search_term_string"}],"inLanguage":"fi"},{"@type":"Organization","@id":"https:\/\/www.feelheal.fi\/#organization","name":"Feel &amp; Heal","url":"https:\/\/www.feelheal.fi\/","logo":{"@type":"ImageObject","inLanguage":"fi","@id":"https:\/\/www.feelheal.fi\/#\/schema\/logo\/image\/","url":"https:\/\/www.feelheal.fi\/wp-content\/uploads\/2022\/07\/cropped-cropped-feel_heal_logo-e1659092666334.jpg","contentUrl":"https:\/\/www.feelheal.fi\/wp-content\/uploads\/2022\/07\/cropped-cropped-feel_heal_logo-e1659092666334.jpg","width":500,"height":552,"caption":"Feel &amp; Heal"},"image":{"@id":"https:\/\/www.feelheal.fi\/#\/schema\/logo\/image\/"},"sameAs":["https:\/\/www.facebook.com\/profile.php?id=100088479075324"]}]}},"_links":{"self":[{"href":"https:\/\/www.feelheal.fi\/index.php?rest_route=\/wp\/v2\/pages\/61"}],"collection":[{"href":"https:\/\/www.feelheal.fi\/index.php?rest_route=\/wp\/v2\/pages"}],"about":[{"href":"https:\/\/www.feelheal.fi\/index.php?rest_route=\/wp\/v2\/types\/page"}],"author":[{"embeddable":true,"href":"https:\/\/www.feelheal.fi\/index.php?rest_route=\/wp\/v2\/users\/1"}],"replies":[{"embeddable":true,"href":"https:\/\/www.feelheal.fi\/index.php?rest_route=%2Fwp%2Fv2%2Fcomments&post=61"}],"version-history":[{"count":75,"href":"https:\/\/www.feelheal.fi\/index.php?rest_route=\/wp\/v2\/pages\/61\/revisions"}],"predecessor-version":[{"id":410,"href":"https:\/\/www.feelheal.fi\/index.php?rest_route=\/wp\/v2\/pages\/61\/revisions\/410"}],"wp:featuredmedia":[{"embeddable":true,"href":"https:\/\/www.feelheal.fi\/index.php?rest_route=\/wp\/v2\/media\/182"}],"wp:attachment":[{"href":"https:\/\/www.feelheal.fi\/index.php?rest_route=%2Fwp%2Fv2%2Fmedia&parent=61"}],"curies":[{"name":"wp","href":"https:\/\/api.w.org\/{rel}","templated":true}]}}