{"id":5,"date":"2020-04-07T06:55:42","date_gmt":"2020-04-07T06:55:42","guid":{"rendered":"https:\/\/www.feelheal.fi\/?page_id=5"},"modified":"2026-01-25T12:53:33","modified_gmt":"2026-01-25T12:53:33","slug":"etusivu","status":"publish","type":"page","link":"https:\/\/www.feelheal.fi\/","title":{"rendered":"Feel &#038; Heal"},"content":{"rendered":"\n<h2 class=\"wp-block-heading\">Feel &amp; Heal<\/h2>\n\n\n<div class=\"wp-block-image\">\n<figure class=\"alignright size-large is-resized\"><img loading=\"lazy\" decoding=\"async\" width=\"683\" height=\"1024\" src=\"https:\/\/www.feelheal.fi\/wp-content\/uploads\/2022\/12\/susanna_feelheal-683x1024.jpg\" alt=\"\" class=\"wp-image-302\" style=\"width:260px;height:390px\" srcset=\"https:\/\/www.feelheal.fi\/wp-content\/uploads\/2022\/12\/susanna_feelheal-683x1024.jpg 683w, https:\/\/www.feelheal.fi\/wp-content\/uploads\/2022\/12\/susanna_feelheal-200x300.jpg 200w, https:\/\/www.feelheal.fi\/wp-content\/uploads\/2022\/12\/susanna_feelheal-768x1152.jpg 768w, https:\/\/www.feelheal.fi\/wp-content\/uploads\/2022\/12\/susanna_feelheal.jpg 1000w\" sizes=\"(max-width: 683px) 100vw, 683px\" \/><\/figure><\/div>\n\n\n<p>Heippa, olen Susanna ja tarjoan erilaisia hyvinvointipalveluja niin yksil\u00f6ille kuin ryhmillekin. Tarjoamani hoidot auttavat sinua rentoutumaan ja purkamaan kuormitusta kehon ja mielen tasoilla. Hoitojen vaikutukset ovat moninaisia kehon, mielen ja tunteiden tasapainottumisen hyv\u00e4ksi. <\/p>\n\n\n\n<p>Tarjoamiani palveluja ovat<strong> vy\u00f6hyketerapia<\/strong>, <strong>kuumakivihieronta<\/strong> sek\u00e4 <strong>intialainen p\u00e4\u00e4hieronta<\/strong>. Tarjoan my\u00f6s mielell\u00e4ni erilaisille ryhmille mielen ja kehon hyvinvointiin liittyvi\u00e4 <strong>alustuksia ja ty\u00f6pajoja<\/strong>. Teen lis\u00e4ksi toistaiseksi harjoitushoitoina <strong>kvanttihypnoosi-istuntoja<\/strong>.<\/p>\n\n\n\n<p>Olen kiinnostunut hoitamaan ihmismielt\u00e4 ja kehoa kokonaisuutena. Osana kokonaisvaltaista hyvinvointia olen muun ty\u00f6n ohessa opiskellut lis\u00e4\u00e4 sek\u00e4 t\u00e4ydent\u00e4vi\u00e4 hoitomuotoja ett\u00e4 mielentaitoja. Pohjakoulutukseltani olen yhteis\u00f6pedagogi ja sosionomi. <br><br>Kohtaan asiakkaitani lempeydell\u00e4 ja l\u00e4mm\u00f6ll\u00e4, hoitavalla kosketuksella ja jokaisen yksil\u00f6lliset toiveet ja tarpeet huomioiden. Olen hoitosi aikana l\u00e4sn\u00e4 vain sinua varten.<\/p>\n\n\n\n<p>Saat tulla hoitooni juuri sellaisena kuin olet, heng\u00e4ht\u00e4m\u00e4\u00e4n, lep\u00e4\u00e4m\u00e4\u00e4n ja jakamaan ajatuksiasi ja tunteitasi. Olet l\u00e4mpim\u00e4sti tervetullut hoitoihini kuuntelemaan mit\u00e4 mielesi ja kehosi sinulle viestii ja p\u00e4\u00e4st\u00e4m\u00e4\u00e4n hetkeksi irti arjen sykkeest\u00e4.<br><br>Teen my\u00f6s sovitusti koti-\/ty\u00f6paikkak\u00e4yntej\u00e4, joihin lis\u00e4t\u00e4\u00e4n matkakulut.<br><br>Varaa oma hoitoaikasi yhteydenottolomakkeen tai s\u00e4hk\u00f6postin kautta.<br><a href=\"https:\/\/www.facebook.com\/feelheal.fi\" target=\"_blank\" rel=\"noreferrer noopener\">Feel &amp; Heal Facebookissa<\/a><br><a href=\"https:\/\/www.instagram.com\/feelheal.fi\/\" target=\"_blank\" rel=\"noreferrer noopener\">Feel &amp; Heal Instagramissa<\/a><\/p>\n\n\n\n<p>Yhteystietoni l\u00f6yd\u00e4t <a href=\"https:\/\/www.feelheal.fi\/?page_id=61\" target=\"_blank\" rel=\"noreferrer noopener\">hinnasto ja ajanvaraussivulta<\/a><\/p>\n\n\n\n<p><\/p>\n\n\n\n<h2 class=\"wp-block-heading\">Koulutus<\/h2>\n\n\n\n<ul>\n<li>Psykofyysinen energiaterapeutti (2024-2026)<\/li>\n\n\n\n<li>Verikuppaus I &amp; II -kurssit 2023<\/li>\n\n\n\n<li>Kvanttihypnoosikoulutuksen perusteet 2023<\/li>\n\n\n\n<li>Diplomivy\u00f6hyketerapeutti (refleksologi) ja luontaishoitaja 2022<\/li>\n\n\n\n<li>Kuumakivihieronta 2021<\/li>\n\n\n\n<li>Nada-korva-akupunktiomenetelm\u00e4 2019<\/li>\n\n\n\n<li>Mindfulness-tunnetaitovalmentaja 2019<\/li>\n\n\n\n<li>Sosionomi 2018<\/li>\n\n\n\n<li>Intialainen p\u00e4\u00e4hieronta 2018<\/li>\n\n\n\n<li>Psykoterapeuttiset valmiudet 2014<\/li>\n\n\n\n<li>NLP Practitioner 2012 ja NPL Master Practitioner 2014<\/li>\n\n\n\n<li>Yhteis\u00f6pedagogi 2007<\/li>\n<\/ul>\n","protected":false},"excerpt":{"rendered":"<p>Feel &amp; Heal Heippa, olen Susanna ja tarjoan erilaisia hyvinvointipalveluja niin yksil\u00f6ille kuin ryhmillekin. Tarjoamani hoidot auttavat sinua rentoutumaan ja purkamaan kuormitusta kehon ja mielen tasoilla. Hoitojen vaikutukset ovat moninaisia kehon, mielen ja tunteiden tasapainottumisen hyv\u00e4ksi. Tarjoamiani palveluja ovat vy\u00f6hyketerapia, kuumakivihieronta sek\u00e4 intialainen p\u00e4\u00e4hieronta. Tarjoan my\u00f6s mielell\u00e4ni erilaisille ryhmille mielen [&hellip;]<\/p>\n","protected":false},"author":1,"featured_media":27,"parent":0,"menu_order":0,"comment_status":"closed","ping_status":"closed","template":"","meta":{"footnotes":""},"yoast_head":"<!-- This site is optimized with the Yoast SEO plugin v19.13 - https:\/\/yoast.com\/wordpress\/plugins\/seo\/ -->\n<title>Feel &amp; Heal - Feel &amp; Heal<\/title>\n<meta name=\"description\" content=\"Tarjoamiani hyvinvointipalveluja ovat koko kehon vy\u00f6hyketerapia, kuumakivihieronta ja intialainen p\u00e4\u00e4hieronta. Lis\u00e4ksi my\u00f6s luentoja ja ty\u00f6pajoja. Toimitila sijaitsee Tampereella,\" \/>\n<meta name=\"robots\" content=\"index, follow, max-snippet:-1, max-image-preview:large, max-video-preview:-1\" \/>\n<link rel=\"canonical\" href=\"https:\/\/www.feelheal.fi\/\" \/>\n<meta property=\"og:locale\" content=\"fi_FI\" \/>\n<meta property=\"og:type\" content=\"article\" \/>\n<meta property=\"og:title\" content=\"Feel &amp; Heal - Feel &amp; Heal\" \/>\n<meta property=\"og:description\" content=\"Tarjoamiani hyvinvointipalveluja ovat koko kehon vy\u00f6hyketerapia, kuumakivihieronta ja intialainen p\u00e4\u00e4hieronta. Lis\u00e4ksi my\u00f6s luentoja ja ty\u00f6pajoja. Toimitila sijaitsee Tampereella,\" \/>\n<meta property=\"og:url\" content=\"https:\/\/www.feelheal.fi\/\" \/>\n<meta property=\"og:site_name\" content=\"Feel &amp; Heal\" \/>\n<meta property=\"article:publisher\" content=\"https:\/\/www.facebook.com\/profile.php?id=100088479075324\" \/>\n<meta property=\"article:modified_time\" content=\"2026-01-25T12:53:33+00:00\" \/>\n<meta property=\"og:image\" content=\"https:\/\/www.feelheal.fi\/wp-content\/uploads\/2020\/10\/DSC_0140.jpg\" \/>\n\t<meta property=\"og:image:width\" content=\"2000\" \/>\n\t<meta property=\"og:image:height\" content=\"1325\" \/>\n\t<meta property=\"og:image:type\" content=\"image\/jpeg\" \/>\n<meta name=\"twitter:card\" content=\"summary_large_image\" \/>\n<meta name=\"twitter:label1\" content=\"Arvioitu lukuaika\" \/>\n\t<meta name=\"twitter:data1\" content=\"2 minuuttia\" \/>\n<script type=\"application\/ld+json\" class=\"yoast-schema-graph\">{\"@context\":\"https:\/\/schema.org\",\"@graph\":[{\"@type\":\"WebPage\",\"@id\":\"https:\/\/www.feelheal.fi\/\",\"url\":\"https:\/\/www.feelheal.fi\/\",\"name\":\"Feel & Heal - Feel &amp; Heal\",\"isPartOf\":{\"@id\":\"https:\/\/www.feelheal.fi\/#website\"},\"datePublished\":\"2020-04-07T06:55:42+00:00\",\"dateModified\":\"2026-01-25T12:53:33+00:00\",\"description\":\"Tarjoamiani hyvinvointipalveluja ovat koko kehon vy\u00f6hyketerapia, kuumakivihieronta ja intialainen p\u00e4\u00e4hieronta. Lis\u00e4ksi my\u00f6s luentoja ja ty\u00f6pajoja. Toimitila sijaitsee Tampereella,\",\"breadcrumb\":{\"@id\":\"https:\/\/www.feelheal.fi\/#breadcrumb\"},\"inLanguage\":\"fi\",\"potentialAction\":[{\"@type\":\"ReadAction\",\"target\":[\"https:\/\/www.feelheal.fi\/\"]}]},{\"@type\":\"BreadcrumbList\",\"@id\":\"https:\/\/www.feelheal.fi\/#breadcrumb\",\"itemListElement\":[{\"@type\":\"ListItem\",\"position\":1,\"name\":\"Etusivu\",\"item\":\"https:\/\/www.feelheal.fi\/\"},{\"@type\":\"ListItem\",\"position\":2,\"name\":\"Feel &#038; Heal\"}]},{\"@type\":\"WebSite\",\"@id\":\"https:\/\/www.feelheal.fi\/#website\",\"url\":\"https:\/\/www.feelheal.fi\/\",\"name\":\"Feel &amp; Heal\",\"description\":\"\",\"publisher\":{\"@id\":\"https:\/\/www.feelheal.fi\/#organization\"},\"potentialAction\":[{\"@type\":\"SearchAction\",\"target\":{\"@type\":\"EntryPoint\",\"urlTemplate\":\"https:\/\/www.feelheal.fi\/?s={search_term_string}\"},\"query-input\":\"required name=search_term_string\"}],\"inLanguage\":\"fi\"},{\"@type\":\"Organization\",\"@id\":\"https:\/\/www.feelheal.fi\/#organization\",\"name\":\"Feel &amp; Heal\",\"url\":\"https:\/\/www.feelheal.fi\/\",\"logo\":{\"@type\":\"ImageObject\",\"inLanguage\":\"fi\",\"@id\":\"https:\/\/www.feelheal.fi\/#\/schema\/logo\/image\/\",\"url\":\"https:\/\/www.feelheal.fi\/wp-content\/uploads\/2022\/07\/cropped-cropped-feel_heal_logo-e1659092666334.jpg\",\"contentUrl\":\"https:\/\/www.feelheal.fi\/wp-content\/uploads\/2022\/07\/cropped-cropped-feel_heal_logo-e1659092666334.jpg\",\"width\":500,\"height\":552,\"caption\":\"Feel &amp; Heal\"},\"image\":{\"@id\":\"https:\/\/www.feelheal.fi\/#\/schema\/logo\/image\/\"},\"sameAs\":[\"https:\/\/www.facebook.com\/profile.php?id=100088479075324\"]}]}<\/script>\n<!-- \/ Yoast SEO plugin. -->","yoast_head_json":{"title":"Feel & Heal - Feel &amp; Heal","description":"Tarjoamiani hyvinvointipalveluja ovat koko kehon vy\u00f6hyketerapia, kuumakivihieronta ja intialainen p\u00e4\u00e4hieronta. Lis\u00e4ksi my\u00f6s luentoja ja ty\u00f6pajoja. Toimitila sijaitsee Tampereella,","robots":{"index":"index","follow":"follow","max-snippet":"max-snippet:-1","max-image-preview":"max-image-preview:large","max-video-preview":"max-video-preview:-1"},"canonical":"https:\/\/www.feelheal.fi\/","og_locale":"fi_FI","og_type":"article","og_title":"Feel & Heal - Feel &amp; Heal","og_description":"Tarjoamiani hyvinvointipalveluja ovat koko kehon vy\u00f6hyketerapia, kuumakivihieronta ja intialainen p\u00e4\u00e4hieronta. Lis\u00e4ksi my\u00f6s luentoja ja ty\u00f6pajoja. Toimitila sijaitsee Tampereella,","og_url":"https:\/\/www.feelheal.fi\/","og_site_name":"Feel &amp; Heal","article_publisher":"https:\/\/www.facebook.com\/profile.php?id=100088479075324","article_modified_time":"2026-01-25T12:53:33+00:00","og_image":[{"width":2000,"height":1325,"url":"https:\/\/www.feelheal.fi\/wp-content\/uploads\/2020\/10\/DSC_0140.jpg","type":"image\/jpeg"}],"twitter_card":"summary_large_image","twitter_misc":{"Arvioitu lukuaika":"2 minuuttia"},"schema":{"@context":"https:\/\/schema.org","@graph":[{"@type":"WebPage","@id":"https:\/\/www.feelheal.fi\/","url":"https:\/\/www.feelheal.fi\/","name":"Feel & Heal - Feel &amp; Heal","isPartOf":{"@id":"https:\/\/www.feelheal.fi\/#website"},"datePublished":"2020-04-07T06:55:42+00:00","dateModified":"2026-01-25T12:53:33+00:00","description":"Tarjoamiani hyvinvointipalveluja ovat koko kehon vy\u00f6hyketerapia, kuumakivihieronta ja intialainen p\u00e4\u00e4hieronta. Lis\u00e4ksi my\u00f6s luentoja ja ty\u00f6pajoja. Toimitila sijaitsee Tampereella,","breadcrumb":{"@id":"https:\/\/www.feelheal.fi\/#breadcrumb"},"inLanguage":"fi","potentialAction":[{"@type":"ReadAction","target":["https:\/\/www.feelheal.fi\/"]}]},{"@type":"BreadcrumbList","@id":"https:\/\/www.feelheal.fi\/#breadcrumb","itemListElement":[{"@type":"ListItem","position":1,"name":"Etusivu","item":"https:\/\/www.feelheal.fi\/"},{"@type":"ListItem","position":2,"name":"Feel &#038; Heal"}]},{"@type":"WebSite","@id":"https:\/\/www.feelheal.fi\/#website","url":"https:\/\/www.feelheal.fi\/","name":"Feel &amp; Heal","description":"","publisher":{"@id":"https:\/\/www.feelheal.fi\/#organization"},"potentialAction":[{"@type":"SearchAction","target":{"@type":"EntryPoint","urlTemplate":"https:\/\/www.feelheal.fi\/?s={search_term_string}"},"query-input":"required name=search_term_string"}],"inLanguage":"fi"},{"@type":"Organization","@id":"https:\/\/www.feelheal.fi\/#organization","name":"Feel &amp; Heal","url":"https:\/\/www.feelheal.fi\/","logo":{"@type":"ImageObject","inLanguage":"fi","@id":"https:\/\/www.feelheal.fi\/#\/schema\/logo\/image\/","url":"https:\/\/www.feelheal.fi\/wp-content\/uploads\/2022\/07\/cropped-cropped-feel_heal_logo-e1659092666334.jpg","contentUrl":"https:\/\/www.feelheal.fi\/wp-content\/uploads\/2022\/07\/cropped-cropped-feel_heal_logo-e1659092666334.jpg","width":500,"height":552,"caption":"Feel &amp; Heal"},"image":{"@id":"https:\/\/www.feelheal.fi\/#\/schema\/logo\/image\/"},"sameAs":["https:\/\/www.facebook.com\/profile.php?id=100088479075324"]}]}},"_links":{"self":[{"href":"https:\/\/www.feelheal.fi\/index.php?rest_route=\/wp\/v2\/pages\/5"}],"collection":[{"href":"https:\/\/www.feelheal.fi\/index.php?rest_route=\/wp\/v2\/pages"}],"about":[{"href":"https:\/\/www.feelheal.fi\/index.php?rest_route=\/wp\/v2\/types\/page"}],"author":[{"embeddable":true,"href":"https:\/\/www.feelheal.fi\/index.php?rest_route=\/wp\/v2\/users\/1"}],"replies":[{"embeddable":true,"href":"https:\/\/www.feelheal.fi\/index.php?rest_route=%2Fwp%2Fv2%2Fcomments&post=5"}],"version-history":[{"count":47,"href":"https:\/\/www.feelheal.fi\/index.php?rest_route=\/wp\/v2\/pages\/5\/revisions"}],"predecessor-version":[{"id":408,"href":"https:\/\/www.feelheal.fi\/index.php?rest_route=\/wp\/v2\/pages\/5\/revisions\/408"}],"wp:featuredmedia":[{"embeddable":true,"href":"https:\/\/www.feelheal.fi\/index.php?rest_route=\/wp\/v2\/media\/27"}],"wp:attachment":[{"href":"https:\/\/www.feelheal.fi\/index.php?rest_route=%2Fwp%2Fv2%2Fmedia&parent=5"}],"curies":[{"name":"wp","href":"https:\/\/api.w.org\/{rel}","templated":true}]}}